{"id":3362,"date":"2020-08-05T09:42:41","date_gmt":"2020-08-05T09:42:41","guid":{"rendered":"http:\/\/www.trescal.com\/ca\/?page_id=3362"},"modified":"2021-06-29T12:50:13","modified_gmt":"2021-06-29T12:50:13","slug":"etalonnage","status":"publish","type":"page","link":"https:\/\/www.trescal.ca\/fr\/etalonnage\/","title":{"rendered":"\u00c9talonnage"},"content":{"rendered":"\n<div class=\"wp-block-columns alignfull is-layout-flex wp-container-core-columns-is-layout-9d6595d7 wp-block-columns-is-layout-flex\">\n<div class=\"wp-block-column is-layout-flow wp-block-column-is-layout-flow\">\n<h3 class=\"wp-block-heading\"><span style=\"color:#095ba5\" class=\"tadv-color\">\u00c9talonnage accr\u00e9dit\u00e9<\/span><\/h3>\n\n\n\n<p>Trescal est accr\u00e9dit\u00e9 par des organismes tiers ind\u00e9pendants (<a href=\"https:\/\/www.a2la.org\/\" target=\"_blank\" rel=\"noreferrer noopener\">A2LA<\/a>, <a href=\"https:\/\/www.cofrac.fr\/\" target=\"_blank\" rel=\"noreferrer noopener\">Cofrac<\/a>, <a href=\"https:\/\/www.enac.es\/web\/english\" target=\"_blank\" rel=\"noreferrer noopener\">Enac<\/a>, <a href=\"https:\/\/www.ukas.com\/\" target=\"_blank\" rel=\"noreferrer noopener\">UKAS<\/a>, <a href=\"https:\/\/economie.fgov.be\/fr\/themes\/qualite-securite\/accreditation\" target=\"_blank\" rel=\"noreferrer noopener\">Belac<\/a> par exemple) et r\u00e9alise des \u00e9talonnages accr\u00e9dit\u00e9s conform\u00e9ment aux normes en vigueur.<\/p>\n\n\n\n<h3 class=\"wp-block-heading\"><span style=\"color:#095ba5\" class=\"tadv-color\">\u00c9talonnage tra\u00e7able<\/span><\/h3>\n\n\n\n<p>Trescal est habilit\u00e9 \u00e0 \u00e9mettre des certificats de tra\u00e7abilit\u00e9 conform\u00e9ment \u00e0 la norme ISO\/CEI GUIDE 99 (VIM).<\/p>\n<\/div>\n\n\n\n<div class=\"wp-block-column is-layout-flow wp-block-column-is-layout-flow\">\n<h3 class=\"wp-block-heading\"><span style=\"color:#095ba5\" class=\"tadv-color\">Prestations e<strong>n laboratoire Trescal<\/strong><\/span><\/h3>\n\n\n\n<p>Notre objectif est de r\u00e9duire au maximum l\u2019indisponibilit\u00e9 des mat\u00e9riels confi\u00e9s. Nous vous garantissons des conditions de transports optimales et s\u00e9curis\u00e9es. <\/p>\n\n\n\n<h3 class=\"has-text-color wp-block-heading\" style=\"color:#095ba5\">Prestations s<strong><span style=\"color:#095ba5\" class=\"tadv-color\">ur site client<\/span><\/strong><\/h3>\n\n\n\n<p>Nous pouvons envoyer directement nos techniciens sur site, cr\u00e9er un laboratoire d\u00e9di\u00e9 ou envoyer nos laboratoires mobiles.<\/p>\n<\/div>\n<\/div>\n\n\n\n<figure class=\"wp-block-image size-large\"><img decoding=\"async\" width=\"1024\" height=\"768\" data-src=\"https:\/\/www.trescal.ca\/wp-content\/uploads\/sites\/81\/2021\/02\/BRANCHES_AMERICA_2020_MOBILE-CALIBRATION-2-1024x768.jpg\" alt=\"\" class=\"wp-image-9957 lazyload\" data-srcset=\"https:\/\/www.trescal.ca\/wp-content\/uploads\/sites\/81\/2021\/02\/BRANCHES_AMERICA_2020_MOBILE-CALIBRATION-2-1024x768.jpg 1024w, https:\/\/www.trescal.ca\/wp-content\/uploads\/sites\/81\/2021\/02\/BRANCHES_AMERICA_2020_MOBILE-CALIBRATION-2-300x225.jpg 300w, https:\/\/www.trescal.ca\/wp-content\/uploads\/sites\/81\/2021\/02\/BRANCHES_AMERICA_2020_MOBILE-CALIBRATION-2-768x576.jpg 768w, https:\/\/www.trescal.ca\/wp-content\/uploads\/sites\/81\/2021\/02\/BRANCHES_AMERICA_2020_MOBILE-CALIBRATION-2-1536x1152.jpg 1536w, https:\/\/www.trescal.ca\/wp-content\/uploads\/sites\/81\/2021\/02\/BRANCHES_AMERICA_2020_MOBILE-CALIBRATION-2-2048x1536.jpg 2048w, https:\/\/www.trescal.ca\/wp-content\/uploads\/sites\/81\/2021\/02\/BRANCHES_AMERICA_2020_MOBILE-CALIBRATION-2-5x4.jpg 5w, https:\/\/www.trescal.ca\/wp-content\/uploads\/sites\/81\/2021\/02\/BRANCHES_AMERICA_2020_MOBILE-CALIBRATION-2-600x450.jpg 600w, https:\/\/www.trescal.ca\/wp-content\/uploads\/sites\/81\/2021\/02\/BRANCHES_AMERICA_2020_MOBILE-CALIBRATION-2-1280x960.jpg 1280w, https:\/\/www.trescal.ca\/wp-content\/uploads\/sites\/81\/2021\/02\/BRANCHES_AMERICA_2020_MOBILE-CALIBRATION-2-1900x1425.jpg 1900w\" data-sizes=\"(max-width: 1024px) 100vw, 1024px\" src=\"data:image\/svg+xml;base64,PHN2ZyB3aWR0aD0iMSIgaGVpZ2h0PSIxIiB4bWxucz0iaHR0cDovL3d3dy53My5vcmcvMjAwMC9zdmciPjwvc3ZnPg==\" style=\"--smush-placeholder-width: 1024px; --smush-placeholder-aspect-ratio: 1024\/768;\" \/><figcaption>New MCL<\/figcaption><\/figure>\n\n\n\n<h2 class=\"wp-block-heading\">Nos services en cas de non-conformit\u00e9<\/h2>\n\n\n\n<p>Trescal r\u00e9alise \u00e9galement des prestations d&rsquo;ajustage, de r\u00e9paration et d&rsquo;essai. Nos experts peuvent \u00e9galement \u00e9valuer si un \u00e9quipement est \u00e9conomiquement viable (BER&nbsp;: Beyond Economic Repair).<\/p>\n\n\n\n<div class=\"wp-block-buttons is-layout-flex wp-block-buttons-is-layout-flex\">\n<div class=\"wp-block-button\"><a class=\"wp-block-button__link\" href=\"#contact\" target=\"_blank\" rel=\"noreferrer noopener\">Contactez-nous<\/a><\/div>\n<\/div>\n","protected":false},"excerpt":{"rendered":"\u00c9talonnage accr\u00e9dit\u00e9 Trescal est accr\u00e9dit\u00e9 par des organismes tiers ind\u00e9pendants (A2LA, Cofrac, Enac, UKAS, Belac par exemple) et r\u00e9alise des","protected":false},"author":1,"featured_media":2962,"parent":0,"menu_order":1,"comment_status":"closed","ping_status":"closed","template":"template-thumbnail.php","meta":{"_acf_changed":false,"inline_featured_image":false,"footnotes":""},"class_list":["post-3362","page","type-page","status-publish","has-post-thumbnail","hentry"],"acf":[],"yoast_head":"<!-- This site is optimized with the Yoast SEO plugin v27.5 - https:\/\/yoast.com\/product\/yoast-seo-wordpress\/ -->\n<title>\u00c9talonnage - Canada<\/title>\n<meta name=\"description\" content=\"Afin de r\u00e9pondre au mieux \u00e0 vos besoins et de s\u2019adapter \u00e0 toutes vos probl\u00e9matiques, Trescal propose d\u2019\u00e9talonner vos appareils.\" \/>\n<meta name=\"robots\" content=\"index, follow, max-snippet:-1, max-image-preview:large, max-video-preview:-1\" \/>\n<link rel=\"canonical\" href=\"https:\/\/www.trescal.ca\/fr\/etalonnage\/\" \/>\n<meta property=\"og:locale\" content=\"fr_FR\" \/>\n<meta property=\"og:type\" content=\"article\" \/>\n<meta property=\"og:title\" content=\"\u00c9talonnage - Canada\" \/>\n<meta property=\"og:description\" content=\"Afin de r\u00e9pondre au mieux \u00e0 vos besoins et de s\u2019adapter \u00e0 toutes vos probl\u00e9matiques, Trescal propose d\u2019\u00e9talonner vos appareils.\" \/>\n<meta property=\"og:url\" content=\"https:\/\/www.trescal.ca\/fr\/etalonnage\/\" \/>\n<meta property=\"og:site_name\" content=\"Canada\" \/>\n<meta property=\"article:modified_time\" content=\"2021-06-29T12:50:13+00:00\" \/>\n<meta property=\"og:image\" content=\"https:\/\/www.trescal.ca\/wp-content\/uploads\/sites\/81\/2020\/07\/trescal_calibration_header.jpg\" \/>\n\t<meta property=\"og:image:width\" content=\"1300\" \/>\n\t<meta property=\"og:image:height\" content=\"1000\" \/>\n\t<meta property=\"og:image:type\" content=\"image\/jpeg\" \/>\n<meta name=\"twitter:card\" content=\"summary_large_image\" \/>\n<meta name=\"twitter:label1\" content=\"Dur\u00e9e de lecture estim\u00e9e\" \/>\n\t<meta name=\"twitter:data1\" content=\"1 minute\" \/>\n<script type=\"application\/ld+json\" class=\"yoast-schema-graph\">{\"@context\":\"https:\\\/\\\/schema.org\",\"@graph\":[{\"@type\":\"WebPage\",\"@id\":\"https:\\\/\\\/www.trescal.ca\\\/fr\\\/etalonnage\\\/\",\"url\":\"https:\\\/\\\/www.trescal.ca\\\/fr\\\/etalonnage\\\/\",\"name\":\"\u00c9talonnage - Canada\",\"isPartOf\":{\"@id\":\"https:\\\/\\\/www.trescal.ca\\\/fr\\\/#website\"},\"primaryImageOfPage\":{\"@id\":\"https:\\\/\\\/www.trescal.ca\\\/fr\\\/etalonnage\\\/#primaryimage\"},\"image\":{\"@id\":\"https:\\\/\\\/www.trescal.ca\\\/fr\\\/etalonnage\\\/#primaryimage\"},\"thumbnailUrl\":\"https:\\\/\\\/www.trescal.ca\\\/wp-content\\\/uploads\\\/sites\\\/81\\\/2020\\\/07\\\/trescal_calibration_header.jpg\",\"datePublished\":\"2020-08-05T09:42:41+00:00\",\"dateModified\":\"2021-06-29T12:50:13+00:00\",\"description\":\"Afin de r\u00e9pondre au mieux \u00e0 vos besoins et de s\u2019adapter \u00e0 toutes vos probl\u00e9matiques, Trescal propose d\u2019\u00e9talonner vos appareils.\",\"breadcrumb\":{\"@id\":\"https:\\\/\\\/www.trescal.ca\\\/fr\\\/etalonnage\\\/#breadcrumb\"},\"inLanguage\":\"fr-FR\",\"potentialAction\":[{\"@type\":\"ReadAction\",\"target\":[\"https:\\\/\\\/www.trescal.ca\\\/fr\\\/etalonnage\\\/\"]}]},{\"@type\":\"ImageObject\",\"inLanguage\":\"fr-FR\",\"@id\":\"https:\\\/\\\/www.trescal.ca\\\/fr\\\/etalonnage\\\/#primaryimage\",\"url\":\"https:\\\/\\\/www.trescal.ca\\\/wp-content\\\/uploads\\\/sites\\\/81\\\/2020\\\/07\\\/trescal_calibration_header.jpg\",\"contentUrl\":\"https:\\\/\\\/www.trescal.ca\\\/wp-content\\\/uploads\\\/sites\\\/81\\\/2020\\\/07\\\/trescal_calibration_header.jpg\",\"width\":1300,\"height\":1000},{\"@type\":\"BreadcrumbList\",\"@id\":\"https:\\\/\\\/www.trescal.ca\\\/fr\\\/etalonnage\\\/#breadcrumb\",\"itemListElement\":[{\"@type\":\"ListItem\",\"position\":1,\"name\":\"Home\",\"item\":\"https:\\\/\\\/www.trescal.ca\\\/fr\\\/\"},{\"@type\":\"ListItem\",\"position\":2,\"name\":\"Solutions &#038; services\",\"item\":\"https:\\\/\\\/www.trescal.ca\\\/fr\\\/solutions-et-services\\\/\"},{\"@type\":\"ListItem\",\"position\":3,\"name\":\"\u00c9talonnage\"}]},{\"@type\":\"WebSite\",\"@id\":\"https:\\\/\\\/www.trescal.ca\\\/fr\\\/#website\",\"url\":\"https:\\\/\\\/www.trescal.ca\\\/fr\\\/\",\"name\":\"Canada\",\"description\":\"| La m\u00e9trologie au service de votre performance |\",\"potentialAction\":[{\"@type\":\"SearchAction\",\"target\":{\"@type\":\"EntryPoint\",\"urlTemplate\":\"https:\\\/\\\/www.trescal.ca\\\/fr\\\/?s={search_term_string}\"},\"query-input\":{\"@type\":\"PropertyValueSpecification\",\"valueRequired\":true,\"valueName\":\"search_term_string\"}}],\"inLanguage\":\"fr-FR\"}]}<\/script>\n<!-- \/ Yoast SEO plugin. -->","yoast_head_json":{"title":"\u00c9talonnage - Canada","description":"Afin de r\u00e9pondre au mieux \u00e0 vos besoins et de s\u2019adapter \u00e0 toutes vos probl\u00e9matiques, Trescal propose d\u2019\u00e9talonner vos appareils.","robots":{"index":"index","follow":"follow","max-snippet":"max-snippet:-1","max-image-preview":"max-image-preview:large","max-video-preview":"max-video-preview:-1"},"canonical":"https:\/\/www.trescal.ca\/fr\/etalonnage\/","og_locale":"fr_FR","og_type":"article","og_title":"\u00c9talonnage - Canada","og_description":"Afin de r\u00e9pondre au mieux \u00e0 vos besoins et de s\u2019adapter \u00e0 toutes vos probl\u00e9matiques, Trescal propose d\u2019\u00e9talonner vos appareils.","og_url":"https:\/\/www.trescal.ca\/fr\/etalonnage\/","og_site_name":"Canada","article_modified_time":"2021-06-29T12:50:13+00:00","og_image":[{"width":1300,"height":1000,"url":"https:\/\/www.trescal.ca\/wp-content\/uploads\/sites\/81\/2020\/07\/trescal_calibration_header.jpg","type":"image\/jpeg"}],"twitter_card":"summary_large_image","twitter_misc":{"Dur\u00e9e de lecture estim\u00e9e":"1 minute"},"schema":{"@context":"https:\/\/schema.org","@graph":[{"@type":"WebPage","@id":"https:\/\/www.trescal.ca\/fr\/etalonnage\/","url":"https:\/\/www.trescal.ca\/fr\/etalonnage\/","name":"\u00c9talonnage - Canada","isPartOf":{"@id":"https:\/\/www.trescal.ca\/fr\/#website"},"primaryImageOfPage":{"@id":"https:\/\/www.trescal.ca\/fr\/etalonnage\/#primaryimage"},"image":{"@id":"https:\/\/www.trescal.ca\/fr\/etalonnage\/#primaryimage"},"thumbnailUrl":"https:\/\/www.trescal.ca\/wp-content\/uploads\/sites\/81\/2020\/07\/trescal_calibration_header.jpg","datePublished":"2020-08-05T09:42:41+00:00","dateModified":"2021-06-29T12:50:13+00:00","description":"Afin de r\u00e9pondre au mieux \u00e0 vos besoins et de s\u2019adapter \u00e0 toutes vos probl\u00e9matiques, Trescal propose d\u2019\u00e9talonner vos appareils.","breadcrumb":{"@id":"https:\/\/www.trescal.ca\/fr\/etalonnage\/#breadcrumb"},"inLanguage":"fr-FR","potentialAction":[{"@type":"ReadAction","target":["https:\/\/www.trescal.ca\/fr\/etalonnage\/"]}]},{"@type":"ImageObject","inLanguage":"fr-FR","@id":"https:\/\/www.trescal.ca\/fr\/etalonnage\/#primaryimage","url":"https:\/\/www.trescal.ca\/wp-content\/uploads\/sites\/81\/2020\/07\/trescal_calibration_header.jpg","contentUrl":"https:\/\/www.trescal.ca\/wp-content\/uploads\/sites\/81\/2020\/07\/trescal_calibration_header.jpg","width":1300,"height":1000},{"@type":"BreadcrumbList","@id":"https:\/\/www.trescal.ca\/fr\/etalonnage\/#breadcrumb","itemListElement":[{"@type":"ListItem","position":1,"name":"Home","item":"https:\/\/www.trescal.ca\/fr\/"},{"@type":"ListItem","position":2,"name":"Solutions &#038; services","item":"https:\/\/www.trescal.ca\/fr\/solutions-et-services\/"},{"@type":"ListItem","position":3,"name":"\u00c9talonnage"}]},{"@type":"WebSite","@id":"https:\/\/www.trescal.ca\/fr\/#website","url":"https:\/\/www.trescal.ca\/fr\/","name":"Canada","description":"| La m\u00e9trologie au service de votre performance |","potentialAction":[{"@type":"SearchAction","target":{"@type":"EntryPoint","urlTemplate":"https:\/\/www.trescal.ca\/fr\/?s={search_term_string}"},"query-input":{"@type":"PropertyValueSpecification","valueRequired":true,"valueName":"search_term_string"}}],"inLanguage":"fr-FR"}]}},"_links":{"self":[{"href":"https:\/\/www.trescal.ca\/fr\/wp-json\/wp\/v2\/pages\/3362","targetHints":{"allow":["GET"]}}],"collection":[{"href":"https:\/\/www.trescal.ca\/fr\/wp-json\/wp\/v2\/pages"}],"about":[{"href":"https:\/\/www.trescal.ca\/fr\/wp-json\/wp\/v2\/types\/page"}],"author":[{"embeddable":true,"href":"https:\/\/www.trescal.ca\/fr\/wp-json\/wp\/v2\/users\/1"}],"replies":[{"embeddable":true,"href":"https:\/\/www.trescal.ca\/fr\/wp-json\/wp\/v2\/comments?post=3362"}],"version-history":[{"count":0,"href":"https:\/\/www.trescal.ca\/fr\/wp-json\/wp\/v2\/pages\/3362\/revisions"}],"wp:featuredmedia":[{"embeddable":true,"href":"https:\/\/www.trescal.ca\/fr\/wp-json\/wp\/v2\/media\/2962"}],"wp:attachment":[{"href":"https:\/\/www.trescal.ca\/fr\/wp-json\/wp\/v2\/media?parent=3362"}],"curies":[{"name":"wp","href":"https:\/\/api.w.org\/{rel}","templated":true}]}}