{"id":5090,"date":"2020-01-20T16:38:56","date_gmt":"2020-01-20T16:38:56","guid":{"rendered":"http:\/\/www.trescal.com\/ca\/privacy-policy\/"},"modified":"2021-01-21T14:12:06","modified_gmt":"2021-01-21T14:12:06","slug":"declaration-de-confidentialite","status":"publish","type":"page","link":"https:\/\/www.trescal.ca\/fr\/declaration-de-confidentialite\/","title":{"rendered":"D\u00e9claration de confidentialit\u00e9"},"content":{"rendered":"\n<p>En acc\u00e9dant, en consultant et en utilisant le pr\u00e9sent site internet vous d\u00e9clarez, garantissez avoir pris connaissance de et acceptez la pr\u00e9sente D\u00e9claration de Confidentialit\u00e9 et vous vous engagez \u00e0 en respecter les termes.<\/p>\n\n\n\n<p><a href=\"https:\/\/www.trescal.ca\/ca\/fr\/mentions-legales\/\" target=\"_blank\" rel=\"noreferrer noopener\">Consultez \u00e9galement nos mentions l\u00e9gales.<\/a><\/p>\n\n\n\n<p>Le respect de votre vie priv\u00e9e et la s\u00e9curit\u00e9 des informations vous concernant sont importants pour nous. Il est de r\u00e8gle pour Trescal de respecter et de prot\u00e9ger la vie priv\u00e9e des utilisateurs du pr\u00e9sent site internet. Nous nous engageons \u00e0 ne pas divulguer volontairement \u00e0 des tiers des informations \u00e0 propos de nos clients qui soient identifiables \u00e0 titre individuel sans avoir re\u00e7u au pr\u00e9alable l&rsquo;autorisation de l&rsquo;utilisateur concern\u00e9 \u00e0 cette fin.<\/p>\n\n\n\n<h2 class=\"wp-block-heading\">DONNEES PERSONNELLES<\/h2>\n\n\n\n<h3 class=\"wp-block-heading\"><strong><strong>Collecte des information et donn\u00e9es personnelles<\/strong><\/strong><\/h3>\n\n\n\n<p>Trescal ne demande que certains types pr\u00e9cis d&rsquo;informations personnelles et nominatives. En tr\u00e8s peu d&rsquo;endroits sur notre site internet, nous vous demandons de nous fournir des renseignements qui vont nous permettre de vous faciliter la visite de notre site, ou d&rsquo;assurer un suivi apr\u00e8s votre visite. Il est possible que nous vous demandions votre nom, votre adresse e-mail, votre num\u00e9ro de t\u00e9l\u00e9phone, votre adresse postale, votre type d&rsquo;activit\u00e9, ainsi que d&rsquo;autres donn\u00e9es personnelles du m\u00eame ordre n\u00e9cessaires \u00e0 l&rsquo;enregistrement ou \u00e0 la souscription de nos services ou offres. Conform\u00e9ment \u00e0 la loi Informatique et Libert\u00e9 n\u00b0 78-17 du 6 janvier 1978, vous pouvez acc\u00e9der aux informations nominatives vous concernant, et les faire rectifier ou supprimer, le cas \u00e9ch\u00e9ant, en contactant \u00ab&nbsp;contact.dpo@trescal.com&nbsp;\u00bb.<\/p>\n\n\n\n<h3 class=\"wp-block-heading\"><strong>Utilisation et finalit\u00e9s du traitement des informations<\/strong><\/h3>\n\n\n\n<p>Les informations que vous nous fournissez seront tenues confidentielles et mises \u00e0 profit exclusivement dans le cadre de votre relation en tant que client avec Trescal et les soci\u00e9t\u00e9s d\u00e9tenues directement ou indirectement par Trescal International (les \u00ab&nbsp;<strong>Soci\u00e9t\u00e9s<\/strong> <strong>Affili\u00e9es<\/strong>&nbsp;\u00bb). Le traitement des donn\u00e9es \u00e0 caract\u00e8re personnel mis en \u0153uvre par Trescal au travers de son formulaire de contact a pour finalit\u00e9s :<\/p>\n\n\n\n<ul class=\"wp-block-list\"><li>la gestion et l\u2019envoi d\u2019emailings ou de newsletters ainsi que la prospection commerciale \u00e0 destination des utilisateurs ayant donn\u00e9 leur consentement ;<\/li><li>la valorisation des informations collect\u00e9es sur notre site internet ou leur fusion avec des donn\u00e9es provenant de nos Soci\u00e9t\u00e9s Affili\u00e9es ;<\/li><li>la d\u00e9finition des caract\u00e9ristiques d\u00e9mographiques de nos utilisateurs et la diffusion des statistiques et autres informations g\u00e9n\u00e9rales de march\u00e9 \u00e0 propos de Trescal, sachant que ces caract\u00e9ristiques d\u00e9mographiques repr\u00e9senteront toujours des informations collectives et n&rsquo;identifieront jamais un utilisateur sp\u00e9cifique;<\/li><li>le partage des informations identifiables \u00e0 titre personnel avec nos Soci\u00e9t\u00e9s Affili\u00e9es, afin de parfaire le marketing de nos produits et services aupr\u00e8s des utilisateurs&nbsp;;<\/li><li>la divulgation des informations globalis\u00e9es concernant les utilisateurs afin de d\u00e9crire nos services et produits \u00e0 des partenaires, annonceurs et autres tiers, existants ou prospectifs, ainsi qu&rsquo;\u00e0 d&rsquo;autres fins l\u00e9galement valables, et notamment la planification et la mise en \u0153uvre de nos campagnes de promotion ou publicitaires&nbsp;;<\/li><li>la gestion et le traitement des demandes d\u2019acc\u00e8s, de rectification, d\u2019effacement des donn\u00e9es, d\u2019opposition ou de limitation du traitement&nbsp;;<\/li><li>la gestion, le traitement et la r\u00e9ponse aux questions, demandes et sollicitations des utilisateurs.<\/li><\/ul>\n\n\n\n<h3 class=\"wp-block-heading\"><strong><strong>Exactitude et mise \u00e0 jour des donn\u00e9es<\/strong><\/strong><\/h3>\n\n\n\n<p>Il appartient aux utilisateurs renseignant leurs informations de s\u2019assurer de leur exactitude et de leur mise \u00e0 jour.<\/p>\n\n\n\n<h3 class=\"wp-block-heading\"><strong><strong>Transmission<\/strong><\/strong><\/h3>\n\n\n\n<p>Trescal ne divulguera pas volontairement vos informations personnelles \u00e0 quelque organisation ext\u00e9rieure que ce soit en vue de leur utilisation en marketing sans votre autorisation. Les informations qui vous concernent (\u00e0 savoir votre nom, votre adresse et votre num\u00e9ro de t\u00e9l\u00e9phone) ou qui concernent ce que vous achetez ne seront ni donn\u00e9es, ni vendues, ni lou\u00e9es \u00e0 des organisations ext\u00e9rieures. Ces informations vous concernant peuvent \u00eatre partag\u00e9es avec les agents ou entreprises sous contrat avec Trescal ou ses Soci\u00e9t\u00e9s Affili\u00e9es aux fins de la prestation de services pour le compte de Trescal.<\/p>\n\n\n\n<h3 class=\"wp-block-heading\"><strong><strong>Sites tiers<\/strong><\/strong><\/h3>\n\n\n\n<p>Nous vous informons par les pr\u00e9sentes que les autres sites internet auxquels vous \u00eates susceptible d&rsquo;acc\u00e9der au travers de notre propre site internet peuvent collecter des informations identifiables \u00e0 titre individuel vous concernant. La pr\u00e9sente D\u00e9claration de Confidentialit\u00e9 ne s&rsquo;applique pas aux pratiques des sites internet tiers li\u00e9s au pr\u00e9sent site en mati\u00e8re d&rsquo;informations.<\/p>\n\n\n\n<h3 class=\"wp-block-heading\"><strong><strong>Dur\u00e9e de conservation des donn\u00e9es<\/strong><\/strong><\/h3>\n\n\n\n<p>Les donn\u00e9es \u00e0 caract\u00e8re personnel collect\u00e9es sont conserv\u00e9es et utilis\u00e9es pour une dur\u00e9e conforme \u00e0 la l\u00e9gislation et\/ou aux normes en vigueur.<\/p>\n\n\n\n<p>En cons\u00e9quence, les donn\u00e9es \u00e0 caract\u00e8re personnel collect\u00e9es sont supprim\u00e9es lors de la survenance d\u2019un des \u00e9v\u00e9nements suivants :<\/p>\n\n\n\n<ul class=\"wp-block-list\"><li>arriv\u00e9e du terme de la dur\u00e9e de conservation&nbsp;;<\/li><li>exercice du droit de suppression par un utilisateur conform\u00e9ment \u00e0 la r\u00e8glementation applicable et aux modalit\u00e9s pr\u00e9cis\u00e9es au point \u00ab&nbsp;Droit d\u2019acc\u00e8s\/de rectification et d\u2019effacement\/de limitation\/d\u2019opposition&nbsp;\u00bb ci-apr\u00e8s.<\/li><\/ul>\n\n\n\n<h3 class=\"wp-block-heading\"><strong><strong>Confidentialit\u00e9 et Int\u00e9grit\u00e9<\/strong><\/strong><\/h3>\n\n\n\n<p>Trescal applique les mesures de s\u00e9curit\u00e9 n\u00e9cessaires afin de pr\u00e9server la confidentialit\u00e9 et l\u2019int\u00e9grit\u00e9 des donn\u00e9es \u00e0 caract\u00e8re personnel trait\u00e9es.<\/p>\n\n\n\n<p>Cependant, Trescal ne peut garantir que ces mesures permettront d\u2019\u00e9viter tous risques de divulgation des donn\u00e9es \u00e0 caract\u00e8re personnel et ne pourra \u00eatre tenue responsable d\u2019un d\u00e9faut quelconque de s\u00e9curit\u00e9, notamment en cas de comportement frauduleux d\u2019un tiers ou dans le cas o\u00f9 ce d\u00e9faut de s\u00e9curit\u00e9 serait d\u00fb \u00e0 l\u2019utilisateur.<\/p>\n\n\n\n<p>Vous \u00eates responsable du mot de passe que vous avez choisi pour acc\u00e9der \u00e0 certaines parties du site internet et du maintien de sa confidentialit\u00e9.<\/p>\n\n\n\n<p>Il n\u2019est pas pr\u00e9vu de transfert de donn\u00e9es \u00e0 caract\u00e8re personnel \u00e0 destination de pays ne disposant pas d\u2019un niveau de protection ad\u00e9quat au sens de la l\u00e9gislation en vigueur.<\/p>\n\n\n\n<h3 class=\"wp-block-heading\"><strong><strong>Droit d\u2019acc\u00e8s\/de rectification et d\u2019effacement\/de limitation\/d\u2019opposition<\/strong><\/strong><\/h3>\n\n\n\n<p>Conform\u00e9ment \u00e0 la r\u00e8glementation applicable, les utilisateurs disposent d\u2019un droit d\u2019acc\u00e8s, de rectification, d\u2019effacement et de limitation de leurs donn\u00e9es \u00e0 caract\u00e8re personnel trait\u00e9es par Trescal. Les utilisateurs disposent \u00e9galement d\u2019un droit d\u2019opposition au traitement de leurs donn\u00e9es personnelles \u00e0 des fins de prospection.<\/p>\n\n\n\n<p>Ces droits peuvent \u00eatre exerc\u00e9s par l\u2019utilisateur, sans avoir \u00e0 en indiquer le motif et \u00e0 tout moment, en utilisant le formulaire de contact de notre site ou en adressant un courrier \u00e0 l\u2019adresse suivante Trescal (contact.dpo@trescal.com), 18 rue S\u00e9guier 75006 Paris, et en joignant un justificatif d\u2019identit\u00e9.<\/p>\n\n\n\n<h2 class=\"wp-block-heading\">COOKIES<\/h2>\n\n\n\n<p>Ce site utilise des cookies. Un cookie est un petit fichier qui est d\u00e9pos\u00e9 sur votre ordinateur, mobile ou tablette lorsque vous vous rendez sur un site internet.<\/p>\n\n\n\n<p>Les seuls cookies que nous utilisons sont des cookies de mesures d\u2019audience. Ils nous permettent d\u2019adapter le site aux demandes de ses visiteurs gr\u00e2ce \u00e0 la mesure du nombre de visites, du nombre de pages vues ainsi que l\u2019activit\u00e9 des visiteurs sur le site et leur fr\u00e9quence de retour.<\/p>\n\n\n\n<p>Si vous avez consenti au d\u00e9p\u00f4t de cookies par notre site, vous pouvez retirer votre consentement en<a> <\/a>cliquant <u><a href=\"#cookie_policy\">i<\/a><\/u><a href=\"#cookie_policy\" target=\"_blank\" rel=\"noreferrer noopener\"><u>ci<\/u>.<\/a><\/p>\n\n\n\n<h2 class=\"wp-block-heading\">MODIFICATIONS<\/h2>\n\n\n\n<p>Trescal se r\u00e9serve le droit de modifier ou de compl\u00e9ter la pr\u00e9sente D\u00e9claration de confidentialit\u00e9 \u00e0 tout moment. De ce fait, vous devez lire cette derni\u00e8re chaque fois que vous acc\u00e9dez au pr\u00e9sent site internet. Toutes les modifications et tous les compl\u00e9ments apport\u00e9(e)s \u00e0 la pr\u00e9sente D\u00e9claration de Confidentialit\u00e9 prennent effet d\u00e8s leur publication sur notre site internet.<\/p>\n","protected":false},"excerpt":{"rendered":"En acc\u00e9dant, en consultant et en utilisant le pr\u00e9sent site internet vous d\u00e9clarez, garantissez avoir pris connaissance de et acceptez","protected":false},"author":1,"featured_media":2861,"parent":0,"menu_order":0,"comment_status":"closed","ping_status":"closed","template":"template-thumbnail.php","meta":{"_acf_changed":false,"inline_featured_image":false,"footnotes":""},"class_list":["post-5090","page","type-page","status-publish","has-post-thumbnail","hentry"],"acf":[],"yoast_head":"<!-- This site is optimized with the Yoast SEO plugin v27.3 - https:\/\/yoast.com\/product\/yoast-seo-wordpress\/ -->\n<title>D\u00e9claration de confidentialit\u00e9 - Canada<\/title>\n<meta name=\"robots\" content=\"index, follow, max-snippet:-1, max-image-preview:large, max-video-preview:-1\" \/>\n<link rel=\"canonical\" href=\"https:\/\/www.trescal.ca\/fr\/declaration-de-confidentialite\/\" \/>\n<meta property=\"og:locale\" content=\"fr_FR\" \/>\n<meta property=\"og:type\" content=\"article\" \/>\n<meta property=\"og:title\" content=\"D\u00e9claration de confidentialit\u00e9 - Canada\" \/>\n<meta property=\"og:description\" content=\"En acc\u00e9dant, en consultant et en utilisant le pr\u00e9sent site internet vous d\u00e9clarez, garantissez avoir pris connaissance de et acceptez\" \/>\n<meta property=\"og:url\" content=\"https:\/\/www.trescal.ca\/fr\/declaration-de-confidentialite\/\" \/>\n<meta property=\"og:site_name\" content=\"Canada\" \/>\n<meta property=\"article:modified_time\" content=\"2021-01-21T14:12:06+00:00\" \/>\n<meta property=\"og:image\" content=\"https:\/\/www.trescal.ca\/wp-content\/uploads\/sites\/81\/2020\/07\/trescal_home_header_1.jpg\" \/>\n\t<meta property=\"og:image:width\" content=\"1800\" \/>\n\t<meta property=\"og:image:height\" content=\"1400\" \/>\n\t<meta property=\"og:image:type\" content=\"image\/jpeg\" \/>\n<meta name=\"twitter:card\" content=\"summary_large_image\" \/>\n<meta name=\"twitter:label1\" content=\"Dur\u00e9e de lecture estim\u00e9e\" \/>\n\t<meta name=\"twitter:data1\" content=\"6 minutes\" \/>\n<script type=\"application\/ld+json\" class=\"yoast-schema-graph\">{\"@context\":\"https:\\\/\\\/schema.org\",\"@graph\":[{\"@type\":\"WebPage\",\"@id\":\"https:\\\/\\\/www.trescal.ca\\\/fr\\\/declaration-de-confidentialite\\\/\",\"url\":\"https:\\\/\\\/www.trescal.ca\\\/fr\\\/declaration-de-confidentialite\\\/\",\"name\":\"D\u00e9claration de confidentialit\u00e9 - Canada\",\"isPartOf\":{\"@id\":\"https:\\\/\\\/www.trescal.ca\\\/fr\\\/#website\"},\"primaryImageOfPage\":{\"@id\":\"https:\\\/\\\/www.trescal.ca\\\/fr\\\/declaration-de-confidentialite\\\/#primaryimage\"},\"image\":{\"@id\":\"https:\\\/\\\/www.trescal.ca\\\/fr\\\/declaration-de-confidentialite\\\/#primaryimage\"},\"thumbnailUrl\":\"https:\\\/\\\/www.trescal.ca\\\/wp-content\\\/uploads\\\/sites\\\/81\\\/2020\\\/07\\\/trescal_home_header_1.jpg\",\"datePublished\":\"2020-01-20T16:38:56+00:00\",\"dateModified\":\"2021-01-21T14:12:06+00:00\",\"breadcrumb\":{\"@id\":\"https:\\\/\\\/www.trescal.ca\\\/fr\\\/declaration-de-confidentialite\\\/#breadcrumb\"},\"inLanguage\":\"fr-FR\",\"potentialAction\":[{\"@type\":\"ReadAction\",\"target\":[\"https:\\\/\\\/www.trescal.ca\\\/fr\\\/declaration-de-confidentialite\\\/\"]}]},{\"@type\":\"ImageObject\",\"inLanguage\":\"fr-FR\",\"@id\":\"https:\\\/\\\/www.trescal.ca\\\/fr\\\/declaration-de-confidentialite\\\/#primaryimage\",\"url\":\"https:\\\/\\\/www.trescal.ca\\\/wp-content\\\/uploads\\\/sites\\\/81\\\/2020\\\/07\\\/trescal_home_header_1.jpg\",\"contentUrl\":\"https:\\\/\\\/www.trescal.ca\\\/wp-content\\\/uploads\\\/sites\\\/81\\\/2020\\\/07\\\/trescal_home_header_1.jpg\",\"width\":1800,\"height\":1400},{\"@type\":\"BreadcrumbList\",\"@id\":\"https:\\\/\\\/www.trescal.ca\\\/fr\\\/declaration-de-confidentialite\\\/#breadcrumb\",\"itemListElement\":[{\"@type\":\"ListItem\",\"position\":1,\"name\":\"Home\",\"item\":\"https:\\\/\\\/www.trescal.ca\\\/fr\\\/\"},{\"@type\":\"ListItem\",\"position\":2,\"name\":\"D\u00e9claration de confidentialit\u00e9\"}]},{\"@type\":\"WebSite\",\"@id\":\"https:\\\/\\\/www.trescal.ca\\\/fr\\\/#website\",\"url\":\"https:\\\/\\\/www.trescal.ca\\\/fr\\\/\",\"name\":\"Canada\",\"description\":\"| La m\u00e9trologie au service de votre performance |\",\"potentialAction\":[{\"@type\":\"SearchAction\",\"target\":{\"@type\":\"EntryPoint\",\"urlTemplate\":\"https:\\\/\\\/www.trescal.ca\\\/fr\\\/?s={search_term_string}\"},\"query-input\":{\"@type\":\"PropertyValueSpecification\",\"valueRequired\":true,\"valueName\":\"search_term_string\"}}],\"inLanguage\":\"fr-FR\"}]}<\/script>\n<!-- \/ Yoast SEO plugin. -->","yoast_head_json":{"title":"D\u00e9claration de confidentialit\u00e9 - Canada","robots":{"index":"index","follow":"follow","max-snippet":"max-snippet:-1","max-image-preview":"max-image-preview:large","max-video-preview":"max-video-preview:-1"},"canonical":"https:\/\/www.trescal.ca\/fr\/declaration-de-confidentialite\/","og_locale":"fr_FR","og_type":"article","og_title":"D\u00e9claration de confidentialit\u00e9 - Canada","og_description":"En acc\u00e9dant, en consultant et en utilisant le pr\u00e9sent site internet vous d\u00e9clarez, garantissez avoir pris connaissance de et acceptez","og_url":"https:\/\/www.trescal.ca\/fr\/declaration-de-confidentialite\/","og_site_name":"Canada","article_modified_time":"2021-01-21T14:12:06+00:00","og_image":[{"width":1800,"height":1400,"url":"https:\/\/www.trescal.ca\/wp-content\/uploads\/sites\/81\/2020\/07\/trescal_home_header_1.jpg","type":"image\/jpeg"}],"twitter_card":"summary_large_image","twitter_misc":{"Dur\u00e9e de lecture estim\u00e9e":"6 minutes"},"schema":{"@context":"https:\/\/schema.org","@graph":[{"@type":"WebPage","@id":"https:\/\/www.trescal.ca\/fr\/declaration-de-confidentialite\/","url":"https:\/\/www.trescal.ca\/fr\/declaration-de-confidentialite\/","name":"D\u00e9claration de confidentialit\u00e9 - Canada","isPartOf":{"@id":"https:\/\/www.trescal.ca\/fr\/#website"},"primaryImageOfPage":{"@id":"https:\/\/www.trescal.ca\/fr\/declaration-de-confidentialite\/#primaryimage"},"image":{"@id":"https:\/\/www.trescal.ca\/fr\/declaration-de-confidentialite\/#primaryimage"},"thumbnailUrl":"https:\/\/www.trescal.ca\/wp-content\/uploads\/sites\/81\/2020\/07\/trescal_home_header_1.jpg","datePublished":"2020-01-20T16:38:56+00:00","dateModified":"2021-01-21T14:12:06+00:00","breadcrumb":{"@id":"https:\/\/www.trescal.ca\/fr\/declaration-de-confidentialite\/#breadcrumb"},"inLanguage":"fr-FR","potentialAction":[{"@type":"ReadAction","target":["https:\/\/www.trescal.ca\/fr\/declaration-de-confidentialite\/"]}]},{"@type":"ImageObject","inLanguage":"fr-FR","@id":"https:\/\/www.trescal.ca\/fr\/declaration-de-confidentialite\/#primaryimage","url":"https:\/\/www.trescal.ca\/wp-content\/uploads\/sites\/81\/2020\/07\/trescal_home_header_1.jpg","contentUrl":"https:\/\/www.trescal.ca\/wp-content\/uploads\/sites\/81\/2020\/07\/trescal_home_header_1.jpg","width":1800,"height":1400},{"@type":"BreadcrumbList","@id":"https:\/\/www.trescal.ca\/fr\/declaration-de-confidentialite\/#breadcrumb","itemListElement":[{"@type":"ListItem","position":1,"name":"Home","item":"https:\/\/www.trescal.ca\/fr\/"},{"@type":"ListItem","position":2,"name":"D\u00e9claration de confidentialit\u00e9"}]},{"@type":"WebSite","@id":"https:\/\/www.trescal.ca\/fr\/#website","url":"https:\/\/www.trescal.ca\/fr\/","name":"Canada","description":"| La m\u00e9trologie au service de votre performance |","potentialAction":[{"@type":"SearchAction","target":{"@type":"EntryPoint","urlTemplate":"https:\/\/www.trescal.ca\/fr\/?s={search_term_string}"},"query-input":{"@type":"PropertyValueSpecification","valueRequired":true,"valueName":"search_term_string"}}],"inLanguage":"fr-FR"}]}},"_links":{"self":[{"href":"https:\/\/www.trescal.ca\/fr\/wp-json\/wp\/v2\/pages\/5090","targetHints":{"allow":["GET"]}}],"collection":[{"href":"https:\/\/www.trescal.ca\/fr\/wp-json\/wp\/v2\/pages"}],"about":[{"href":"https:\/\/www.trescal.ca\/fr\/wp-json\/wp\/v2\/types\/page"}],"author":[{"embeddable":true,"href":"https:\/\/www.trescal.ca\/fr\/wp-json\/wp\/v2\/users\/1"}],"replies":[{"embeddable":true,"href":"https:\/\/www.trescal.ca\/fr\/wp-json\/wp\/v2\/comments?post=5090"}],"version-history":[{"count":0,"href":"https:\/\/www.trescal.ca\/fr\/wp-json\/wp\/v2\/pages\/5090\/revisions"}],"wp:featuredmedia":[{"embeddable":true,"href":"https:\/\/www.trescal.ca\/fr\/wp-json\/wp\/v2\/media\/2861"}],"wp:attachment":[{"href":"https:\/\/www.trescal.ca\/fr\/wp-json\/wp\/v2\/media?parent=5090"}],"curies":[{"name":"wp","href":"https:\/\/api.w.org\/{rel}","templated":true}]}}