{"id":70123,"date":"2025-12-04T02:07:09","date_gmt":"2025-12-04T02:07:09","guid":{"rendered":"https:\/\/www.trescal.ca\/?page_id=70123"},"modified":"2025-12-04T03:10:04","modified_gmt":"2025-12-04T03:10:04","slug":"life-sciences","status":"publish","type":"page","link":"https:\/\/www.trescal.ca\/fr\/industries\/life-sciences\/","title":{"rendered":"Life Sciences"},"content":{"rendered":"\n<p><a href=\"https:\/\/www.trescal.be\/fr\/demander-un-devis\/\"><\/a><\/p>\n\n\n\n<p><\/p>\n","protected":false},"excerpt":{"rendered":"Respectez les normes, les directives GxP et la conformit\u00e9 r\u00e9glementaire afin d'\u00eatre pr\u00eat pour les audits gr\u00e2ce au service Life Science de Trescal Canada","protected":false},"author":35,"featured_media":64641,"parent":63309,"menu_order":1,"comment_status":"closed","ping_status":"closed","template":"template-industrie-v2.php","meta":{"_acf_changed":true,"inline_featured_image":false,"footnotes":""},"class_list":["post-70123","page","type-page","status-publish","has-post-thumbnail","hentry"],"acf":[],"yoast_head":"<!-- This site is optimized with the Yoast SEO plugin v27.3 - https:\/\/yoast.com\/product\/yoast-seo-wordpress\/ -->\n<title>Life Sciences - Canada<\/title>\n<meta name=\"description\" content=\"Trescal Canada fournit des preuves document\u00e9es attestant que vous respectez les normes internes, les directives GxP et la conformit\u00e9 r\u00e9glementaire.\" \/>\n<meta name=\"robots\" content=\"index, follow, max-snippet:-1, max-image-preview:large, max-video-preview:-1\" \/>\n<link rel=\"canonical\" href=\"https:\/\/www.trescal.ca\/fr\/industries\/life-sciences\/\" \/>\n<meta property=\"og:locale\" content=\"fr_FR\" \/>\n<meta property=\"og:type\" content=\"article\" \/>\n<meta property=\"og:title\" content=\"Life Sciences - Canada\" \/>\n<meta property=\"og:description\" content=\"Trescal Canada fournit des preuves document\u00e9es attestant que vous respectez les normes internes, les directives GxP et la conformit\u00e9 r\u00e9glementaire.\" \/>\n<meta property=\"og:url\" content=\"https:\/\/www.trescal.ca\/fr\/industries\/life-sciences\/\" \/>\n<meta property=\"og:site_name\" content=\"Canada\" \/>\n<meta property=\"article:modified_time\" content=\"2025-12-04T03:10:04+00:00\" \/>\n<meta property=\"og:image\" content=\"https:\/\/www.trescal.ca\/wp-content\/uploads\/sites\/81\/2025\/03\/AdobeStock_186127215-1-scaled.jpeg\" \/>\n\t<meta property=\"og:image:width\" content=\"2560\" \/>\n\t<meta property=\"og:image:height\" content=\"1440\" \/>\n\t<meta property=\"og:image:type\" content=\"image\/jpeg\" \/>\n<meta name=\"twitter:card\" content=\"summary_large_image\" \/>\n<meta name=\"twitter:label1\" content=\"Dur\u00e9e de lecture estim\u00e9e\" \/>\n\t<meta name=\"twitter:data1\" content=\"1 minute\" \/>\n<script type=\"application\/ld+json\" class=\"yoast-schema-graph\">{\"@context\":\"https:\\\/\\\/schema.org\",\"@graph\":[{\"@type\":\"WebPage\",\"@id\":\"https:\\\/\\\/www.trescal.ca\\\/fr\\\/industries\\\/life-sciences\\\/\",\"url\":\"https:\\\/\\\/www.trescal.ca\\\/fr\\\/industries\\\/life-sciences\\\/\",\"name\":\"Life Sciences - Canada\",\"isPartOf\":{\"@id\":\"https:\\\/\\\/www.trescal.ca\\\/fr\\\/#website\"},\"primaryImageOfPage\":{\"@id\":\"https:\\\/\\\/www.trescal.ca\\\/fr\\\/industries\\\/life-sciences\\\/#primaryimage\"},\"image\":{\"@id\":\"https:\\\/\\\/www.trescal.ca\\\/fr\\\/industries\\\/life-sciences\\\/#primaryimage\"},\"thumbnailUrl\":\"https:\\\/\\\/www.trescal.ca\\\/wp-content\\\/uploads\\\/sites\\\/81\\\/2025\\\/03\\\/AdobeStock_186127215-1-scaled.jpeg\",\"datePublished\":\"2025-12-04T02:07:09+00:00\",\"dateModified\":\"2025-12-04T03:10:04+00:00\",\"description\":\"Trescal Canada fournit des preuves document\u00e9es attestant que vous respectez les normes internes, les directives GxP et la conformit\u00e9 r\u00e9glementaire.\",\"breadcrumb\":{\"@id\":\"https:\\\/\\\/www.trescal.ca\\\/fr\\\/industries\\\/life-sciences\\\/#breadcrumb\"},\"inLanguage\":\"fr-FR\",\"potentialAction\":[{\"@type\":\"ReadAction\",\"target\":[\"https:\\\/\\\/www.trescal.ca\\\/fr\\\/industries\\\/life-sciences\\\/\"]}]},{\"@type\":\"ImageObject\",\"inLanguage\":\"fr-FR\",\"@id\":\"https:\\\/\\\/www.trescal.ca\\\/fr\\\/industries\\\/life-sciences\\\/#primaryimage\",\"url\":\"https:\\\/\\\/www.trescal.ca\\\/wp-content\\\/uploads\\\/sites\\\/81\\\/2025\\\/03\\\/AdobeStock_186127215-1-scaled.jpeg\",\"contentUrl\":\"https:\\\/\\\/www.trescal.ca\\\/wp-content\\\/uploads\\\/sites\\\/81\\\/2025\\\/03\\\/AdobeStock_186127215-1-scaled.jpeg\",\"width\":2560,\"height\":1440,\"caption\":\"Two Engineers\\\/ Scientists\\\/ Technicians in Sterile Cleanroom Suits Control Manufacturing Machinery Work and Use Microscopes for Component Adjustment and Research. They Work in an Electronic Components Manufacturing Factory.\"},{\"@type\":\"BreadcrumbList\",\"@id\":\"https:\\\/\\\/www.trescal.ca\\\/fr\\\/industries\\\/life-sciences\\\/#breadcrumb\",\"itemListElement\":[{\"@type\":\"ListItem\",\"position\":1,\"name\":\"Home\",\"item\":\"https:\\\/\\\/www.trescal.ca\\\/fr\\\/\"},{\"@type\":\"ListItem\",\"position\":2,\"name\":\"Industries\",\"item\":\"https:\\\/\\\/www.trescal.ca\\\/fr\\\/industries\\\/\"},{\"@type\":\"ListItem\",\"position\":3,\"name\":\"Life Sciences\"}]},{\"@type\":\"WebSite\",\"@id\":\"https:\\\/\\\/www.trescal.ca\\\/fr\\\/#website\",\"url\":\"https:\\\/\\\/www.trescal.ca\\\/fr\\\/\",\"name\":\"Canada\",\"description\":\"| La m\u00e9trologie au service de votre performance |\",\"potentialAction\":[{\"@type\":\"SearchAction\",\"target\":{\"@type\":\"EntryPoint\",\"urlTemplate\":\"https:\\\/\\\/www.trescal.ca\\\/fr\\\/?s={search_term_string}\"},\"query-input\":{\"@type\":\"PropertyValueSpecification\",\"valueRequired\":true,\"valueName\":\"search_term_string\"}}],\"inLanguage\":\"fr-FR\"}]}<\/script>\n<!-- \/ Yoast SEO plugin. -->","yoast_head_json":{"title":"Life Sciences - Canada","description":"Trescal Canada fournit des preuves document\u00e9es attestant que vous respectez les normes internes, les directives GxP et la conformit\u00e9 r\u00e9glementaire.","robots":{"index":"index","follow":"follow","max-snippet":"max-snippet:-1","max-image-preview":"max-image-preview:large","max-video-preview":"max-video-preview:-1"},"canonical":"https:\/\/www.trescal.ca\/fr\/industries\/life-sciences\/","og_locale":"fr_FR","og_type":"article","og_title":"Life Sciences - Canada","og_description":"Trescal Canada fournit des preuves document\u00e9es attestant que vous respectez les normes internes, les directives GxP et la conformit\u00e9 r\u00e9glementaire.","og_url":"https:\/\/www.trescal.ca\/fr\/industries\/life-sciences\/","og_site_name":"Canada","article_modified_time":"2025-12-04T03:10:04+00:00","og_image":[{"width":2560,"height":1440,"url":"https:\/\/www.trescal.ca\/wp-content\/uploads\/sites\/81\/2025\/03\/AdobeStock_186127215-1-scaled.jpeg","type":"image\/jpeg"}],"twitter_card":"summary_large_image","twitter_misc":{"Dur\u00e9e de lecture estim\u00e9e":"1 minute"},"schema":{"@context":"https:\/\/schema.org","@graph":[{"@type":"WebPage","@id":"https:\/\/www.trescal.ca\/fr\/industries\/life-sciences\/","url":"https:\/\/www.trescal.ca\/fr\/industries\/life-sciences\/","name":"Life Sciences - Canada","isPartOf":{"@id":"https:\/\/www.trescal.ca\/fr\/#website"},"primaryImageOfPage":{"@id":"https:\/\/www.trescal.ca\/fr\/industries\/life-sciences\/#primaryimage"},"image":{"@id":"https:\/\/www.trescal.ca\/fr\/industries\/life-sciences\/#primaryimage"},"thumbnailUrl":"https:\/\/www.trescal.ca\/wp-content\/uploads\/sites\/81\/2025\/03\/AdobeStock_186127215-1-scaled.jpeg","datePublished":"2025-12-04T02:07:09+00:00","dateModified":"2025-12-04T03:10:04+00:00","description":"Trescal Canada fournit des preuves document\u00e9es attestant que vous respectez les normes internes, les directives GxP et la conformit\u00e9 r\u00e9glementaire.","breadcrumb":{"@id":"https:\/\/www.trescal.ca\/fr\/industries\/life-sciences\/#breadcrumb"},"inLanguage":"fr-FR","potentialAction":[{"@type":"ReadAction","target":["https:\/\/www.trescal.ca\/fr\/industries\/life-sciences\/"]}]},{"@type":"ImageObject","inLanguage":"fr-FR","@id":"https:\/\/www.trescal.ca\/fr\/industries\/life-sciences\/#primaryimage","url":"https:\/\/www.trescal.ca\/wp-content\/uploads\/sites\/81\/2025\/03\/AdobeStock_186127215-1-scaled.jpeg","contentUrl":"https:\/\/www.trescal.ca\/wp-content\/uploads\/sites\/81\/2025\/03\/AdobeStock_186127215-1-scaled.jpeg","width":2560,"height":1440,"caption":"Two Engineers\/ Scientists\/ Technicians in Sterile Cleanroom Suits Control Manufacturing Machinery Work and Use Microscopes for Component Adjustment and Research. They Work in an Electronic Components Manufacturing Factory."},{"@type":"BreadcrumbList","@id":"https:\/\/www.trescal.ca\/fr\/industries\/life-sciences\/#breadcrumb","itemListElement":[{"@type":"ListItem","position":1,"name":"Home","item":"https:\/\/www.trescal.ca\/fr\/"},{"@type":"ListItem","position":2,"name":"Industries","item":"https:\/\/www.trescal.ca\/fr\/industries\/"},{"@type":"ListItem","position":3,"name":"Life Sciences"}]},{"@type":"WebSite","@id":"https:\/\/www.trescal.ca\/fr\/#website","url":"https:\/\/www.trescal.ca\/fr\/","name":"Canada","description":"| La m\u00e9trologie au service de votre performance |","potentialAction":[{"@type":"SearchAction","target":{"@type":"EntryPoint","urlTemplate":"https:\/\/www.trescal.ca\/fr\/?s={search_term_string}"},"query-input":{"@type":"PropertyValueSpecification","valueRequired":true,"valueName":"search_term_string"}}],"inLanguage":"fr-FR"}]}},"_links":{"self":[{"href":"https:\/\/www.trescal.ca\/fr\/wp-json\/wp\/v2\/pages\/70123","targetHints":{"allow":["GET"]}}],"collection":[{"href":"https:\/\/www.trescal.ca\/fr\/wp-json\/wp\/v2\/pages"}],"about":[{"href":"https:\/\/www.trescal.ca\/fr\/wp-json\/wp\/v2\/types\/page"}],"author":[{"embeddable":true,"href":"https:\/\/www.trescal.ca\/fr\/wp-json\/wp\/v2\/users\/35"}],"replies":[{"embeddable":true,"href":"https:\/\/www.trescal.ca\/fr\/wp-json\/wp\/v2\/comments?post=70123"}],"version-history":[{"count":0,"href":"https:\/\/www.trescal.ca\/fr\/wp-json\/wp\/v2\/pages\/70123\/revisions"}],"up":[{"embeddable":true,"href":"https:\/\/www.trescal.ca\/fr\/wp-json\/wp\/v2\/pages\/63309"}],"wp:featuredmedia":[{"embeddable":true,"href":"https:\/\/www.trescal.ca\/fr\/wp-json\/wp\/v2\/media\/64641"}],"wp:attachment":[{"href":"https:\/\/www.trescal.ca\/fr\/wp-json\/wp\/v2\/media?parent=70123"}],"curies":[{"name":"wp","href":"https:\/\/api.w.org\/{rel}","templated":true}]}}